{"id":904,"date":"2019-09-25T09:59:58","date_gmt":"2019-09-25T07:59:58","guid":{"rendered":"https:\/\/www.mekts.com\/?page_id=904"},"modified":"2022-09-16T11:44:57","modified_gmt":"2022-09-16T09:44:57","slug":"assistenza","status":"publish","type":"page","link":"https:\/\/www.mekts.com\/it\/assistenza\/","title":{"rendered":"Assistenza"},"content":{"rendered":"\t\t<div data-elementor-type=\"wp-page\" data-elementor-id=\"904\" class=\"elementor elementor-904\" data-elementor-post-type=\"page\">\n\t\t\t\t\t\t<section class=\"elementor-section elementor-top-section elementor-element elementor-element-f3ce918 elementor-section-full_width elementor-section-height-default elementor-section-height-default\" data-id=\"f3ce918\" data-element_type=\"section\">\n\t\t\t\t\t\t<div class=\"elementor-container elementor-column-gap-no\">\n\t\t\t\t\t<div class=\"elementor-column elementor-col-100 elementor-top-column elementor-element elementor-element-c933548\" data-id=\"c933548\" data-element_type=\"column\">\n\t\t\t<div class=\"elementor-widget-wrap elementor-element-populated\">\n\t\t\t\t\t\t<section class=\"elementor-section elementor-inner-section elementor-element elementor-element-de8fdfc elementor-section-boxed elementor-section-height-default elementor-section-height-default\" data-id=\"de8fdfc\" data-element_type=\"section\" data-settings=\"{&quot;background_background&quot;:&quot;classic&quot;}\">\n\t\t\t\t\t\t<div class=\"elementor-container elementor-column-gap-default\">\n\t\t\t\t\t<div class=\"elementor-column elementor-col-50 elementor-inner-column elementor-element elementor-element-f3af67c\" data-id=\"f3af67c\" data-element_type=\"column\" data-settings=\"{&quot;background_background&quot;:&quot;classic&quot;}\">\n\t\t\t<div class=\"elementor-widget-wrap elementor-element-populated\">\n\t\t\t\t\t<div class=\"elementor-background-overlay\"><\/div>\n\t\t\t\t\t\t<div class=\"elementor-element elementor-element-f8af89a elementor-widget elementor-widget-text-editor\" data-id=\"f8af89a\" data-element_type=\"widget\" data-widget_type=\"text-editor.default\">\n\t\t\t\t<div class=\"elementor-widget-container\">\n\t\t\t\t\t\t\t\t\t<p><strong>Servizio ed efficienza in tutta Italia<\/strong><\/p>\t\t\t\t\t\t\t\t<\/div>\n\t\t\t\t<\/div>\n\t\t\t\t<div class=\"elementor-element elementor-element-e42d2dd elementor-widget elementor-widget-text-editor\" data-id=\"e42d2dd\" data-element_type=\"widget\" data-widget_type=\"text-editor.default\">\n\t\t\t\t<div class=\"elementor-widget-container\">\n\t\t\t\t\t\t\t\t\t<p>MEKT offre ai suoi clienti un servizio di assistenza post-vendita rapido ed efficiente. <\/p><p>Grazie ad un rete capillare di centri di assistenza, personale esperto e qualificato e alla lunga esperienza maturata nel settore, l\u2019azienda offre un servizio di assistenza su tutto il territorio nazionale, in modo che gli interventi di manutenzione preventiva o programmata e correttiva possano avvenire anche presso gli impianti del cliente.<\/p><p>Infine, con l\u2019avvento dei sistemi di Telediagnostica, MEKT \u00e8 in grado di assicurare ai suoi clienti maggiore velocit\u00e0, efficacia ed economicit\u00e0 nelle operazioni.<\/p>\t\t\t\t\t\t\t\t<\/div>\n\t\t\t\t<\/div>\n\t\t\t\t\t<\/div>\n\t\t<\/div>\n\t\t\t\t<div class=\"elementor-column elementor-col-50 elementor-inner-column elementor-element elementor-element-e6b5adf\" data-id=\"e6b5adf\" data-element_type=\"column\" data-settings=\"{&quot;background_background&quot;:&quot;classic&quot;}\">\n\t\t\t<div class=\"elementor-widget-wrap elementor-element-populated\">\n\t\t\t\t\t<div class=\"elementor-background-overlay\"><\/div>\n\t\t\t\t\t\t<div class=\"elementor-element elementor-element-741e62e elementor-widget elementor-widget-spacer\" data-id=\"741e62e\" data-element_type=\"widget\" data-widget_type=\"spacer.default\">\n\t\t\t\t<div class=\"elementor-widget-container\">\n\t\t\t\t\t\t\t<div class=\"elementor-spacer\">\n\t\t\t<div class=\"elementor-spacer-inner\"><\/div>\n\t\t<\/div>\n\t\t\t\t\t\t<\/div>\n\t\t\t\t<\/div>\n\t\t\t\t\t<\/div>\n\t\t<\/div>\n\t\t\t\t\t<\/div>\n\t\t<\/section>\n\t\t\t\t<section class=\"elementor-section elementor-inner-section elementor-element elementor-element-8597fa2 elementor-section-boxed elementor-section-height-default elementor-section-height-default\" data-id=\"8597fa2\" data-element_type=\"section\">\n\t\t\t\t\t\t<div class=\"elementor-container elementor-column-gap-default\">\n\t\t\t\t\t<div class=\"elementor-column elementor-col-50 elementor-inner-column elementor-element elementor-element-7a81491\" data-id=\"7a81491\" data-element_type=\"column\" data-settings=\"{&quot;background_background&quot;:&quot;classic&quot;}\">\n\t\t\t<div class=\"elementor-widget-wrap elementor-element-populated\">\n\t\t\t\t\t<div class=\"elementor-background-overlay\"><\/div>\n\t\t\t\t\t\t<div class=\"elementor-element elementor-element-2ac2dba elementor-widget elementor-widget-spacer\" data-id=\"2ac2dba\" data-element_type=\"widget\" data-widget_type=\"spacer.default\">\n\t\t\t\t<div class=\"elementor-widget-container\">\n\t\t\t\t\t\t\t<div class=\"elementor-spacer\">\n\t\t\t<div class=\"elementor-spacer-inner\"><\/div>\n\t\t<\/div>\n\t\t\t\t\t\t<\/div>\n\t\t\t\t<\/div>\n\t\t\t\t\t<\/div>\n\t\t<\/div>\n\t\t\t\t<div class=\"elementor-column elementor-col-50 elementor-inner-column elementor-element elementor-element-60787a6\" data-id=\"60787a6\" data-element_type=\"column\" data-settings=\"{&quot;background_background&quot;:&quot;classic&quot;}\">\n\t\t\t<div class=\"elementor-widget-wrap elementor-element-populated\">\n\t\t\t\t\t<div class=\"elementor-background-overlay\"><\/div>\n\t\t\t\t\t\t<div class=\"elementor-element elementor-element-83d0bf9 elementor-widget elementor-widget-text-editor\" data-id=\"83d0bf9\" data-element_type=\"widget\" data-widget_type=\"text-editor.default\">\n\t\t\t\t<div class=\"elementor-widget-container\">\n\t\t\t\t\t\t\t\t\t<p>Un autentico network per l&#8217;assistenza<\/p>\t\t\t\t\t\t\t\t<\/div>\n\t\t\t\t<\/div>\n\t\t\t\t<div class=\"elementor-element elementor-element-2d42199 elementor-widget elementor-widget-text-editor\" data-id=\"2d42199\" data-element_type=\"widget\" data-widget_type=\"text-editor.default\">\n\t\t\t\t<div class=\"elementor-widget-container\">\n\t\t\t\t\t\t\t\t\t<p>L\u2019azienda pu\u00f2 contare su una rete di centri di assistenza capillare e ben distribuita sul territorio nazionale: questo consente che gli interventi di manutenzione preventiva o programmata e correttiva possano avvenire anche presso gli impianti del cliente.<\/p>\t\t\t\t\t\t\t\t<\/div>\n\t\t\t\t<\/div>\n\t\t\t\t\t<\/div>\n\t\t<\/div>\n\t\t\t\t\t<\/div>\n\t\t<\/section>\n\t\t\t\t\t<\/div>\n\t\t<\/div>\n\t\t\t\t\t<\/div>\n\t\t<\/section>\n\t\t\t\t<\/div>\n\t\t","protected":false},"excerpt":{"rendered":"<p>Servizio ed efficienza in tutta Italia MEKT offre ai suoi clienti un servizio di assistenza post-vendita rapido ed efficiente. Grazie ad un rete capillare di centri di assistenza, personale esperto e qualificato e alla lunga esperienza maturata nel settore, l\u2019azienda offre un servizio di assistenza su tutto il territorio nazionale, in modo che gli interventi [&hellip;]<\/p>\n","protected":false},"author":2,"featured_media":0,"parent":0,"menu_order":0,"comment_status":"closed","ping_status":"closed","template":"","meta":{"inline_featured_image":false,"footnotes":""},"class_list":["post-904","page","type-page","status-publish","hentry"],"yoast_head":"<!-- This site is optimized with the Yoast SEO plugin v26.4 - https:\/\/yoast.com\/wordpress\/plugins\/seo\/ -->\n<title>Assistenza - Mitsubishi Eletric Klimat Transportation Systems S.p.A.<\/title>\n<meta name=\"robots\" content=\"index, follow, max-snippet:-1, max-image-preview:large, max-video-preview:-1\" \/>\n<link rel=\"canonical\" href=\"https:\/\/www.mekts.com\/it\/assistenza\/\" \/>\n<meta property=\"og:locale\" content=\"it_IT\" \/>\n<meta property=\"og:type\" content=\"article\" \/>\n<meta property=\"og:title\" content=\"Assistenza - Mitsubishi Eletric Klimat Transportation Systems S.p.A.\" \/>\n<meta property=\"og:description\" content=\"Servizio ed efficienza in tutta Italia MEKT offre ai suoi clienti un servizio di assistenza post-vendita rapido ed efficiente. Grazie ad un rete capillare di centri di assistenza, personale esperto e qualificato e alla lunga esperienza maturata nel settore, l\u2019azienda offre un servizio di assistenza su tutto il territorio nazionale, in modo che gli interventi [&hellip;]\" \/>\n<meta property=\"og:url\" content=\"https:\/\/www.mekts.com\/it\/assistenza\/\" \/>\n<meta property=\"og:site_name\" content=\"Mitsubishi Eletric Klimat Transportation Systems S.p.A.\" \/>\n<meta property=\"article:modified_time\" content=\"2022-09-16T09:44:57+00:00\" \/>\n<meta name=\"twitter:card\" content=\"summary_large_image\" \/>\n<meta name=\"twitter:label1\" content=\"Tempo di lettura stimato\" \/>\n\t<meta name=\"twitter:data1\" content=\"1 minuto\" \/>\n<script type=\"application\/ld+json\" class=\"yoast-schema-graph\">{\"@context\":\"https:\/\/schema.org\",\"@graph\":[{\"@type\":\"WebPage\",\"@id\":\"https:\/\/www.mekts.com\/it\/assistenza\/\",\"url\":\"https:\/\/www.mekts.com\/it\/assistenza\/\",\"name\":\"Assistenza - Mitsubishi Eletric Klimat Transportation Systems S.p.A.\",\"isPartOf\":{\"@id\":\"https:\/\/www.mekts.com\/it\/#website\"},\"datePublished\":\"2019-09-25T07:59:58+00:00\",\"dateModified\":\"2022-09-16T09:44:57+00:00\",\"breadcrumb\":{\"@id\":\"https:\/\/www.mekts.com\/it\/assistenza\/#breadcrumb\"},\"inLanguage\":\"it-IT\",\"potentialAction\":[{\"@type\":\"ReadAction\",\"target\":[\"https:\/\/www.mekts.com\/it\/assistenza\/\"]}]},{\"@type\":\"BreadcrumbList\",\"@id\":\"https:\/\/www.mekts.com\/it\/assistenza\/#breadcrumb\",\"itemListElement\":[{\"@type\":\"ListItem\",\"position\":1,\"name\":\"Home\",\"item\":\"https:\/\/www.mekts.com\/it\/\"},{\"@type\":\"ListItem\",\"position\":2,\"name\":\"Assistenza\"}]},{\"@type\":\"WebSite\",\"@id\":\"https:\/\/www.mekts.com\/it\/#website\",\"url\":\"https:\/\/www.mekts.com\/it\/\",\"name\":\"Mitsubishi Eletric Klimat Transportation Systems S.p.A.\",\"description\":\"Railway air conditioning - Mitsubishi Electric changes for the better\",\"publisher\":{\"@id\":\"https:\/\/www.mekts.com\/it\/#organization\"},\"potentialAction\":[{\"@type\":\"SearchAction\",\"target\":{\"@type\":\"EntryPoint\",\"urlTemplate\":\"https:\/\/www.mekts.com\/it\/?s={search_term_string}\"},\"query-input\":{\"@type\":\"PropertyValueSpecification\",\"valueRequired\":true,\"valueName\":\"search_term_string\"}}],\"inLanguage\":\"it-IT\"},{\"@type\":\"Organization\",\"@id\":\"https:\/\/www.mekts.com\/it\/#organization\",\"name\":\"Mitsubishi Eletric Klimat Transportation Systems S.p.A.\",\"url\":\"https:\/\/www.mekts.com\/it\/\",\"logo\":{\"@type\":\"ImageObject\",\"inLanguage\":\"it-IT\",\"@id\":\"https:\/\/www.mekts.com\/it\/#\/schema\/logo\/image\/\",\"url\":\"https:\/\/www.mekts.com\/wp-content\/uploads\/2019\/05\/logo-mitsubishi-electric1.png\",\"contentUrl\":\"https:\/\/www.mekts.com\/wp-content\/uploads\/2019\/05\/logo-mitsubishi-electric1.png\",\"width\":111,\"height\":46,\"caption\":\"Mitsubishi Eletric Klimat Transportation Systems S.p.A.\"},\"image\":{\"@id\":\"https:\/\/www.mekts.com\/it\/#\/schema\/logo\/image\/\"},\"sameAs\":[\"https:\/\/www.linkedin.com\/company\/mitsubishi-electric-klimat-transportation-systems-spa\"]}]}<\/script>\n<!-- \/ Yoast SEO plugin. -->","yoast_head_json":{"title":"Assistenza - Mitsubishi Eletric Klimat Transportation Systems S.p.A.","robots":{"index":"index","follow":"follow","max-snippet":"max-snippet:-1","max-image-preview":"max-image-preview:large","max-video-preview":"max-video-preview:-1"},"canonical":"https:\/\/www.mekts.com\/it\/assistenza\/","og_locale":"it_IT","og_type":"article","og_title":"Assistenza - Mitsubishi Eletric Klimat Transportation Systems S.p.A.","og_description":"Servizio ed efficienza in tutta Italia MEKT offre ai suoi clienti un servizio di assistenza post-vendita rapido ed efficiente. Grazie ad un rete capillare di centri di assistenza, personale esperto e qualificato e alla lunga esperienza maturata nel settore, l\u2019azienda offre un servizio di assistenza su tutto il territorio nazionale, in modo che gli interventi [&hellip;]","og_url":"https:\/\/www.mekts.com\/it\/assistenza\/","og_site_name":"Mitsubishi Eletric Klimat Transportation Systems S.p.A.","article_modified_time":"2022-09-16T09:44:57+00:00","twitter_card":"summary_large_image","twitter_misc":{"Tempo di lettura stimato":"1 minuto"},"schema":{"@context":"https:\/\/schema.org","@graph":[{"@type":"WebPage","@id":"https:\/\/www.mekts.com\/it\/assistenza\/","url":"https:\/\/www.mekts.com\/it\/assistenza\/","name":"Assistenza - Mitsubishi Eletric Klimat Transportation Systems S.p.A.","isPartOf":{"@id":"https:\/\/www.mekts.com\/it\/#website"},"datePublished":"2019-09-25T07:59:58+00:00","dateModified":"2022-09-16T09:44:57+00:00","breadcrumb":{"@id":"https:\/\/www.mekts.com\/it\/assistenza\/#breadcrumb"},"inLanguage":"it-IT","potentialAction":[{"@type":"ReadAction","target":["https:\/\/www.mekts.com\/it\/assistenza\/"]}]},{"@type":"BreadcrumbList","@id":"https:\/\/www.mekts.com\/it\/assistenza\/#breadcrumb","itemListElement":[{"@type":"ListItem","position":1,"name":"Home","item":"https:\/\/www.mekts.com\/it\/"},{"@type":"ListItem","position":2,"name":"Assistenza"}]},{"@type":"WebSite","@id":"https:\/\/www.mekts.com\/it\/#website","url":"https:\/\/www.mekts.com\/it\/","name":"Mitsubishi Eletric Klimat Transportation Systems S.p.A.","description":"Railway air conditioning - Mitsubishi Electric changes for the better","publisher":{"@id":"https:\/\/www.mekts.com\/it\/#organization"},"potentialAction":[{"@type":"SearchAction","target":{"@type":"EntryPoint","urlTemplate":"https:\/\/www.mekts.com\/it\/?s={search_term_string}"},"query-input":{"@type":"PropertyValueSpecification","valueRequired":true,"valueName":"search_term_string"}}],"inLanguage":"it-IT"},{"@type":"Organization","@id":"https:\/\/www.mekts.com\/it\/#organization","name":"Mitsubishi Eletric Klimat Transportation Systems S.p.A.","url":"https:\/\/www.mekts.com\/it\/","logo":{"@type":"ImageObject","inLanguage":"it-IT","@id":"https:\/\/www.mekts.com\/it\/#\/schema\/logo\/image\/","url":"https:\/\/www.mekts.com\/wp-content\/uploads\/2019\/05\/logo-mitsubishi-electric1.png","contentUrl":"https:\/\/www.mekts.com\/wp-content\/uploads\/2019\/05\/logo-mitsubishi-electric1.png","width":111,"height":46,"caption":"Mitsubishi Eletric Klimat Transportation Systems S.p.A."},"image":{"@id":"https:\/\/www.mekts.com\/it\/#\/schema\/logo\/image\/"},"sameAs":["https:\/\/www.linkedin.com\/company\/mitsubishi-electric-klimat-transportation-systems-spa"]}]}},"_links":{"self":[{"href":"https:\/\/www.mekts.com\/it\/wp-json\/wp\/v2\/pages\/904","targetHints":{"allow":["GET"]}}],"collection":[{"href":"https:\/\/www.mekts.com\/it\/wp-json\/wp\/v2\/pages"}],"about":[{"href":"https:\/\/www.mekts.com\/it\/wp-json\/wp\/v2\/types\/page"}],"author":[{"embeddable":true,"href":"https:\/\/www.mekts.com\/it\/wp-json\/wp\/v2\/users\/2"}],"replies":[{"embeddable":true,"href":"https:\/\/www.mekts.com\/it\/wp-json\/wp\/v2\/comments?post=904"}],"version-history":[{"count":25,"href":"https:\/\/www.mekts.com\/it\/wp-json\/wp\/v2\/pages\/904\/revisions"}],"predecessor-version":[{"id":2710,"href":"https:\/\/www.mekts.com\/it\/wp-json\/wp\/v2\/pages\/904\/revisions\/2710"}],"wp:attachment":[{"href":"https:\/\/www.mekts.com\/it\/wp-json\/wp\/v2\/media?parent=904"}],"curies":[{"name":"wp","href":"https:\/\/api.w.org\/{rel}","templated":true}]}}