{"id":238,"date":"2019-06-18T10:55:59","date_gmt":"2019-06-18T08:55:59","guid":{"rendered":"https:\/\/www.mekts.com\/?page_id=238"},"modified":"2020-02-21T17:59:08","modified_gmt":"2020-02-21T16:59:08","slug":"missione-e-valore","status":"publish","type":"page","link":"https:\/\/www.mekts.com\/it\/missione-e-valore\/","title":{"rendered":"Missione e Valore"},"content":{"rendered":"\t\t<div data-elementor-type=\"wp-post\" data-elementor-id=\"238\" class=\"elementor elementor-238\" data-elementor-post-type=\"page\">\n\t\t\t\t\t\t<section class=\"elementor-section elementor-top-section elementor-element elementor-element-d50a222 elementor-section-full_width elementor-section-height-default elementor-section-height-default\" data-id=\"d50a222\" data-element_type=\"section\">\n\t\t\t\t\t\t<div class=\"elementor-container elementor-column-gap-no\">\n\t\t\t\t\t<div class=\"elementor-column elementor-col-100 elementor-top-column elementor-element elementor-element-fcf39e4\" data-id=\"fcf39e4\" data-element_type=\"column\">\n\t\t\t<div class=\"elementor-widget-wrap elementor-element-populated\">\n\t\t\t\t\t\t<section class=\"elementor-section elementor-inner-section elementor-element elementor-element-fb7abfa elementor-section-boxed elementor-section-height-default elementor-section-height-default\" data-id=\"fb7abfa\" data-element_type=\"section\" data-settings=\"{&quot;background_background&quot;:&quot;classic&quot;}\">\n\t\t\t\t\t\t<div class=\"elementor-container elementor-column-gap-default\">\n\t\t\t\t\t<div class=\"elementor-column elementor-col-50 elementor-inner-column elementor-element elementor-element-d47bc7a\" data-id=\"d47bc7a\" data-element_type=\"column\" data-settings=\"{&quot;background_background&quot;:&quot;classic&quot;}\">\n\t\t\t<div class=\"elementor-widget-wrap elementor-element-populated\">\n\t\t\t\t\t<div class=\"elementor-background-overlay\"><\/div>\n\t\t\t\t\t\t<div class=\"elementor-element elementor-element-478b674 elementor-widget elementor-widget-text-editor\" data-id=\"478b674\" data-element_type=\"widget\" data-widget_type=\"text-editor.default\">\n\t\t\t\t<div class=\"elementor-widget-container\">\n\t\t\t\t\t\t\t\t\t<p align=\"justify\">Contribuire a migliorare la qualit\u00e0 del trasporto ferrotramviario e realizzare una societ\u00e0 pi\u00f9 sostenibile: questa \u00e8 la mission di MEKT<\/p>\t\t\t\t\t\t\t\t<\/div>\n\t\t\t\t<\/div>\n\t\t\t\t<div class=\"elementor-element elementor-element-ed88c40 elementor-widget elementor-widget-text-editor\" data-id=\"ed88c40\" data-element_type=\"widget\" data-widget_type=\"text-editor.default\">\n\t\t\t\t<div class=\"elementor-widget-container\">\n\t\t\t\t\t\t\t\t\t<p><strong>MEKT si impegna a migliorare lo sviluppo, la produzione e la consegna dei prodotti<\/strong> e di adottare soluzioni innovative in linea con i valori di una societ\u00e0 <strong>pi\u00f9 attenta e rispettosa alla salvaguardia dell\u2019ambiente<\/strong>.<\/p><p>In questa affermazione rientrano le caratteristiche del prodotto in termini di efficienza e prestazioni, ma anche il risparmio di energia e risorse in ambito produttivo e logistico, dando impulso ad una quantit\u00e0 di iniziative volte a limitare il consumo energetico e a ridurre i rifiuti presso i propri stabilimenti.<\/p><p>In quest\u2019ottica, ogni collaboratore di <strong>MEKT diventa attore e promotore di un cambiamento positivo.<\/strong><\/p>\t\t\t\t\t\t\t\t<\/div>\n\t\t\t\t<\/div>\n\t\t\t\t\t<\/div>\n\t\t<\/div>\n\t\t\t\t<div class=\"elementor-column elementor-col-50 elementor-inner-column elementor-element elementor-element-a62720e\" data-id=\"a62720e\" data-element_type=\"column\" data-settings=\"{&quot;background_background&quot;:&quot;classic&quot;}\">\n\t\t\t<div class=\"elementor-widget-wrap elementor-element-populated\">\n\t\t\t\t\t<div class=\"elementor-background-overlay\"><\/div>\n\t\t\t\t\t\t<div class=\"elementor-element elementor-element-570e983 elementor-widget elementor-widget-spacer\" data-id=\"570e983\" data-element_type=\"widget\" data-widget_type=\"spacer.default\">\n\t\t\t\t<div class=\"elementor-widget-container\">\n\t\t\t\t\t\t\t<div class=\"elementor-spacer\">\n\t\t\t<div class=\"elementor-spacer-inner\"><\/div>\n\t\t<\/div>\n\t\t\t\t\t\t<\/div>\n\t\t\t\t<\/div>\n\t\t\t\t\t<\/div>\n\t\t<\/div>\n\t\t\t\t\t<\/div>\n\t\t<\/section>\n\t\t\t\t<section class=\"elementor-section elementor-inner-section elementor-element elementor-element-31e85b8 elementor-reverse-mobile elementor-section-boxed elementor-section-height-default elementor-section-height-default\" data-id=\"31e85b8\" data-element_type=\"section\">\n\t\t\t\t\t\t<div class=\"elementor-container elementor-column-gap-default\">\n\t\t\t\t\t<div class=\"elementor-column elementor-col-33 elementor-inner-column elementor-element elementor-element-387788b\" data-id=\"387788b\" data-element_type=\"column\" data-settings=\"{&quot;background_background&quot;:&quot;classic&quot;}\">\n\t\t\t<div class=\"elementor-widget-wrap elementor-element-populated\">\n\t\t\t\t\t<div class=\"elementor-background-overlay\"><\/div>\n\t\t\t\t\t\t<div class=\"elementor-element elementor-element-07b27a1 elementor-widget elementor-widget-spacer\" data-id=\"07b27a1\" data-element_type=\"widget\" data-widget_type=\"spacer.default\">\n\t\t\t\t<div class=\"elementor-widget-container\">\n\t\t\t\t\t\t\t<div class=\"elementor-spacer\">\n\t\t\t<div class=\"elementor-spacer-inner\"><\/div>\n\t\t<\/div>\n\t\t\t\t\t\t<\/div>\n\t\t\t\t<\/div>\n\t\t\t\t\t<\/div>\n\t\t<\/div>\n\t\t\t\t<div class=\"elementor-column elementor-col-33 elementor-inner-column elementor-element elementor-element-d3cfb11\" data-id=\"d3cfb11\" data-element_type=\"column\" data-settings=\"{&quot;background_background&quot;:&quot;classic&quot;}\">\n\t\t\t<div class=\"elementor-widget-wrap elementor-element-populated\">\n\t\t\t\t\t<div class=\"elementor-background-overlay\"><\/div>\n\t\t\t\t\t\t<div class=\"elementor-element elementor-element-068a13f elementor-hidden-phone elementor-widget elementor-widget-spacer\" data-id=\"068a13f\" data-element_type=\"widget\" data-widget_type=\"spacer.default\">\n\t\t\t\t<div class=\"elementor-widget-container\">\n\t\t\t\t\t\t\t<div class=\"elementor-spacer\">\n\t\t\t<div class=\"elementor-spacer-inner\"><\/div>\n\t\t<\/div>\n\t\t\t\t\t\t<\/div>\n\t\t\t\t<\/div>\n\t\t\t\t\t<\/div>\n\t\t<\/div>\n\t\t\t\t<div class=\"elementor-column elementor-col-33 elementor-inner-column elementor-element elementor-element-96554aa\" data-id=\"96554aa\" data-element_type=\"column\" data-settings=\"{&quot;background_background&quot;:&quot;classic&quot;}\">\n\t\t\t<div class=\"elementor-widget-wrap elementor-element-populated\">\n\t\t\t\t\t<div class=\"elementor-background-overlay\"><\/div>\n\t\t\t\t\t\t<div class=\"elementor-element elementor-element-c02430c elementor-widget elementor-widget-text-editor\" data-id=\"c02430c\" data-element_type=\"widget\" data-widget_type=\"text-editor.default\">\n\t\t\t\t<div class=\"elementor-widget-container\">\n\t\t\t\t\t\t\t\t\t<p>Changes for the Better \u00e8 il motto di Mitsubishi Electric Klimat Transportation Systems.<\/p>\t\t\t\t\t\t\t\t<\/div>\n\t\t\t\t<\/div>\n\t\t\t\t<div class=\"elementor-element elementor-element-a280dde elementor-widget elementor-widget-text-editor\" data-id=\"a280dde\" data-element_type=\"widget\" data-widget_type=\"text-editor.default\">\n\t\t\t\t<div class=\"elementor-widget-container\">\n\t\t\t\t\t\t\t\t\t<p>Eco Changes rappresenta l\u2019impegno di MEKT di lavorare per e con i clienti, al fine di migliorare la nostra societ\u00e0, grazie all\u2019utilizzo di tecnologie ambientali all\u2019avanguardia e di un\u2019incredibile forza produttiva, per diventare una green company di primo piano a livello globale.<\/p><p><strong>\u201cTutti insieme lavoriamo per dare vita a un futuro pi\u00f9 verde\u201d<\/strong><\/p>\t\t\t\t\t\t\t\t<\/div>\n\t\t\t\t<\/div>\n\t\t\t\t\t<\/div>\n\t\t<\/div>\n\t\t\t\t\t<\/div>\n\t\t<\/section>\n\t\t\t\t\t<\/div>\n\t\t<\/div>\n\t\t\t\t\t<\/div>\n\t\t<\/section>\n\t\t\t\t<\/div>\n\t\t","protected":false},"excerpt":{"rendered":"<p>Contribuire a migliorare la qualit\u00e0 del trasporto ferrotramviario e realizzare una societ\u00e0 pi\u00f9 sostenibile: questa \u00e8 la mission di MEKT MEKT si impegna a migliorare lo sviluppo, la produzione e la consegna dei prodotti e di adottare soluzioni innovative in linea con i valori di una societ\u00e0 pi\u00f9 attenta e rispettosa alla salvaguardia dell\u2019ambiente. In [&hellip;]<\/p>\n","protected":false},"author":2,"featured_media":0,"parent":0,"menu_order":0,"comment_status":"closed","ping_status":"closed","template":"","meta":{"inline_featured_image":false,"footnotes":""},"class_list":["post-238","page","type-page","status-publish","hentry"],"yoast_head":"<!-- This site is optimized with the Yoast SEO plugin v26.4 - https:\/\/yoast.com\/wordpress\/plugins\/seo\/ -->\n<title>Missione e Valore - Mitsubishi Eletric Klimat Transportation Systems S.p.A.<\/title>\n<meta name=\"robots\" content=\"index, follow, max-snippet:-1, max-image-preview:large, max-video-preview:-1\" \/>\n<link rel=\"canonical\" href=\"https:\/\/www.mekts.com\/it\/missione-e-valore\/\" \/>\n<meta property=\"og:locale\" content=\"it_IT\" \/>\n<meta property=\"og:type\" content=\"article\" \/>\n<meta property=\"og:title\" content=\"Missione e Valore - Mitsubishi Eletric Klimat Transportation Systems S.p.A.\" \/>\n<meta property=\"og:description\" content=\"Contribuire a migliorare la qualit\u00e0 del trasporto ferrotramviario e realizzare una societ\u00e0 pi\u00f9 sostenibile: questa \u00e8 la mission di MEKT MEKT si impegna a migliorare lo sviluppo, la produzione e la consegna dei prodotti e di adottare soluzioni innovative in linea con i valori di una societ\u00e0 pi\u00f9 attenta e rispettosa alla salvaguardia dell\u2019ambiente. In [&hellip;]\" \/>\n<meta property=\"og:url\" content=\"https:\/\/www.mekts.com\/it\/missione-e-valore\/\" \/>\n<meta property=\"og:site_name\" content=\"Mitsubishi Eletric Klimat Transportation Systems S.p.A.\" \/>\n<meta property=\"article:modified_time\" content=\"2020-02-21T16:59:08+00:00\" \/>\n<meta name=\"twitter:card\" content=\"summary_large_image\" \/>\n<meta name=\"twitter:label1\" content=\"Tempo di lettura stimato\" \/>\n\t<meta name=\"twitter:data1\" content=\"1 minuto\" \/>\n<script type=\"application\/ld+json\" class=\"yoast-schema-graph\">{\"@context\":\"https:\/\/schema.org\",\"@graph\":[{\"@type\":\"WebPage\",\"@id\":\"https:\/\/www.mekts.com\/it\/missione-e-valore\/\",\"url\":\"https:\/\/www.mekts.com\/it\/missione-e-valore\/\",\"name\":\"Missione e Valore - Mitsubishi Eletric Klimat Transportation Systems S.p.A.\",\"isPartOf\":{\"@id\":\"https:\/\/www.mekts.com\/it\/#website\"},\"datePublished\":\"2019-06-18T08:55:59+00:00\",\"dateModified\":\"2020-02-21T16:59:08+00:00\",\"breadcrumb\":{\"@id\":\"https:\/\/www.mekts.com\/it\/missione-e-valore\/#breadcrumb\"},\"inLanguage\":\"it-IT\",\"potentialAction\":[{\"@type\":\"ReadAction\",\"target\":[\"https:\/\/www.mekts.com\/it\/missione-e-valore\/\"]}]},{\"@type\":\"BreadcrumbList\",\"@id\":\"https:\/\/www.mekts.com\/it\/missione-e-valore\/#breadcrumb\",\"itemListElement\":[{\"@type\":\"ListItem\",\"position\":1,\"name\":\"Home\",\"item\":\"https:\/\/www.mekts.com\/it\/\"},{\"@type\":\"ListItem\",\"position\":2,\"name\":\"Missione e Valore\"}]},{\"@type\":\"WebSite\",\"@id\":\"https:\/\/www.mekts.com\/it\/#website\",\"url\":\"https:\/\/www.mekts.com\/it\/\",\"name\":\"Mitsubishi Eletric Klimat Transportation Systems S.p.A.\",\"description\":\"Railway air conditioning - Mitsubishi Electric changes for the better\",\"publisher\":{\"@id\":\"https:\/\/www.mekts.com\/it\/#organization\"},\"potentialAction\":[{\"@type\":\"SearchAction\",\"target\":{\"@type\":\"EntryPoint\",\"urlTemplate\":\"https:\/\/www.mekts.com\/it\/?s={search_term_string}\"},\"query-input\":{\"@type\":\"PropertyValueSpecification\",\"valueRequired\":true,\"valueName\":\"search_term_string\"}}],\"inLanguage\":\"it-IT\"},{\"@type\":\"Organization\",\"@id\":\"https:\/\/www.mekts.com\/it\/#organization\",\"name\":\"Mitsubishi Eletric Klimat Transportation Systems S.p.A.\",\"url\":\"https:\/\/www.mekts.com\/it\/\",\"logo\":{\"@type\":\"ImageObject\",\"inLanguage\":\"it-IT\",\"@id\":\"https:\/\/www.mekts.com\/it\/#\/schema\/logo\/image\/\",\"url\":\"https:\/\/www.mekts.com\/wp-content\/uploads\/2019\/05\/logo-mitsubishi-electric1.png\",\"contentUrl\":\"https:\/\/www.mekts.com\/wp-content\/uploads\/2019\/05\/logo-mitsubishi-electric1.png\",\"width\":111,\"height\":46,\"caption\":\"Mitsubishi Eletric Klimat Transportation Systems S.p.A.\"},\"image\":{\"@id\":\"https:\/\/www.mekts.com\/it\/#\/schema\/logo\/image\/\"},\"sameAs\":[\"https:\/\/www.linkedin.com\/company\/mitsubishi-electric-klimat-transportation-systems-spa\"]}]}<\/script>\n<!-- \/ Yoast SEO plugin. -->","yoast_head_json":{"title":"Missione e Valore - Mitsubishi Eletric Klimat Transportation Systems S.p.A.","robots":{"index":"index","follow":"follow","max-snippet":"max-snippet:-1","max-image-preview":"max-image-preview:large","max-video-preview":"max-video-preview:-1"},"canonical":"https:\/\/www.mekts.com\/it\/missione-e-valore\/","og_locale":"it_IT","og_type":"article","og_title":"Missione e Valore - Mitsubishi Eletric Klimat Transportation Systems S.p.A.","og_description":"Contribuire a migliorare la qualit\u00e0 del trasporto ferrotramviario e realizzare una societ\u00e0 pi\u00f9 sostenibile: questa \u00e8 la mission di MEKT MEKT si impegna a migliorare lo sviluppo, la produzione e la consegna dei prodotti e di adottare soluzioni innovative in linea con i valori di una societ\u00e0 pi\u00f9 attenta e rispettosa alla salvaguardia dell\u2019ambiente. In [&hellip;]","og_url":"https:\/\/www.mekts.com\/it\/missione-e-valore\/","og_site_name":"Mitsubishi Eletric Klimat Transportation Systems S.p.A.","article_modified_time":"2020-02-21T16:59:08+00:00","twitter_card":"summary_large_image","twitter_misc":{"Tempo di lettura stimato":"1 minuto"},"schema":{"@context":"https:\/\/schema.org","@graph":[{"@type":"WebPage","@id":"https:\/\/www.mekts.com\/it\/missione-e-valore\/","url":"https:\/\/www.mekts.com\/it\/missione-e-valore\/","name":"Missione e Valore - Mitsubishi Eletric Klimat Transportation Systems S.p.A.","isPartOf":{"@id":"https:\/\/www.mekts.com\/it\/#website"},"datePublished":"2019-06-18T08:55:59+00:00","dateModified":"2020-02-21T16:59:08+00:00","breadcrumb":{"@id":"https:\/\/www.mekts.com\/it\/missione-e-valore\/#breadcrumb"},"inLanguage":"it-IT","potentialAction":[{"@type":"ReadAction","target":["https:\/\/www.mekts.com\/it\/missione-e-valore\/"]}]},{"@type":"BreadcrumbList","@id":"https:\/\/www.mekts.com\/it\/missione-e-valore\/#breadcrumb","itemListElement":[{"@type":"ListItem","position":1,"name":"Home","item":"https:\/\/www.mekts.com\/it\/"},{"@type":"ListItem","position":2,"name":"Missione e Valore"}]},{"@type":"WebSite","@id":"https:\/\/www.mekts.com\/it\/#website","url":"https:\/\/www.mekts.com\/it\/","name":"Mitsubishi Eletric Klimat Transportation Systems S.p.A.","description":"Railway air conditioning - Mitsubishi Electric changes for the better","publisher":{"@id":"https:\/\/www.mekts.com\/it\/#organization"},"potentialAction":[{"@type":"SearchAction","target":{"@type":"EntryPoint","urlTemplate":"https:\/\/www.mekts.com\/it\/?s={search_term_string}"},"query-input":{"@type":"PropertyValueSpecification","valueRequired":true,"valueName":"search_term_string"}}],"inLanguage":"it-IT"},{"@type":"Organization","@id":"https:\/\/www.mekts.com\/it\/#organization","name":"Mitsubishi Eletric Klimat Transportation Systems S.p.A.","url":"https:\/\/www.mekts.com\/it\/","logo":{"@type":"ImageObject","inLanguage":"it-IT","@id":"https:\/\/www.mekts.com\/it\/#\/schema\/logo\/image\/","url":"https:\/\/www.mekts.com\/wp-content\/uploads\/2019\/05\/logo-mitsubishi-electric1.png","contentUrl":"https:\/\/www.mekts.com\/wp-content\/uploads\/2019\/05\/logo-mitsubishi-electric1.png","width":111,"height":46,"caption":"Mitsubishi Eletric Klimat Transportation Systems S.p.A."},"image":{"@id":"https:\/\/www.mekts.com\/it\/#\/schema\/logo\/image\/"},"sameAs":["https:\/\/www.linkedin.com\/company\/mitsubishi-electric-klimat-transportation-systems-spa"]}]}},"_links":{"self":[{"href":"https:\/\/www.mekts.com\/it\/wp-json\/wp\/v2\/pages\/238","targetHints":{"allow":["GET"]}}],"collection":[{"href":"https:\/\/www.mekts.com\/it\/wp-json\/wp\/v2\/pages"}],"about":[{"href":"https:\/\/www.mekts.com\/it\/wp-json\/wp\/v2\/types\/page"}],"author":[{"embeddable":true,"href":"https:\/\/www.mekts.com\/it\/wp-json\/wp\/v2\/users\/2"}],"replies":[{"embeddable":true,"href":"https:\/\/www.mekts.com\/it\/wp-json\/wp\/v2\/comments?post=238"}],"version-history":[{"count":17,"href":"https:\/\/www.mekts.com\/it\/wp-json\/wp\/v2\/pages\/238\/revisions"}],"predecessor-version":[{"id":1987,"href":"https:\/\/www.mekts.com\/it\/wp-json\/wp\/v2\/pages\/238\/revisions\/1987"}],"wp:attachment":[{"href":"https:\/\/www.mekts.com\/it\/wp-json\/wp\/v2\/media?parent=238"}],"curies":[{"name":"wp","href":"https:\/\/api.w.org\/{rel}","templated":true}]}}